{"id":67,"date":"2011-02-22T22:38:09","date_gmt":"2011-02-23T01:38:09","guid":{"rendered":"http:\/\/cbsa-passaros.com.br\/newsite\/?page_id=67"},"modified":"2011-02-23T11:52:18","modified_gmt":"2011-02-23T14:52:18","slug":"fundacao","status":"publish","type":"page","link":"https:\/\/cbsa-passaros.com.br\/newsite\/?page_id=67","title":{"rendered":"Funda\u00e7\u00e3o"},"content":{"rendered":"<p>No dia 13 de julho do ano de 1969. Reuniu-se um grupo de abnegados comandado pelo Sr. Antonio In\u00e1cio Veiga, nos fundos da Avicultura do Sr. Pedro Fernandes, na Av. Dom Pedro I, n\u00ba 701 na Vila Pires &#8211; Santo Andr\u00e9, em sess\u00e3o solene foi constitu\u00edda a Funda\u00e7\u00e3o do Clube dos Passarinheiros do ABC. Foi eleito para presidente o Sr. Antonio In\u00e1cio Veiga, para vice- presidente o Sr. Maholo Rodrigues Domingues, secret\u00e1rio geral o Sr. Osvaldo Tirapani, 1\u00ba secret\u00e1rio o Sr. Luiz Tonus, 2\u00ba Secret\u00e1rio o Sr. Ronaldo A. Taveira, tesoureiro geral o Sr. Armando Salom\u00e3o, 1\u00ba tesoureiro o Sr. Pedro Fernandes, diretor de patrim\u00f4nio o Sr. Fausto Cestari e coordenador de concursos o Sr. Nelson de Arruda. E para presidente de honra o Sr. Jos\u00e9 Romano. <\/p>\n<p>Em 24 de dezembro de 1969, foi alterado o nome para Associa\u00e7\u00e3o dos Passarinheiros de Santo Andr\u00e9, em 1972 foi alterado novamente parra Associa\u00e7\u00e3o dos Criadores de Curi\u00f3s e Bicudos de Santo Andr\u00e9 , at\u00e9 1972 as reuni\u00f5es eram feitas na resid\u00eancia do Sr. Veiga.<\/p>\n","protected":false},"excerpt":{"rendered":"<p>No dia 13 de julho do ano de 1969. Reuniu-se um grupo de abnegados comandado pelo Sr. Antonio In\u00e1cio Veiga, nos fundos da Avicultura do Sr. Pedro Fernandes, na Av. Dom Pedro I, n\u00ba 701 na Vila Pires &#8211; Santo Andr\u00e9, em sess\u00e3o solene foi constitu\u00edda a Funda\u00e7\u00e3o do Clube dos Passarinheiros do ABC. Foi&hellip;<\/p>\n","protected":false},"author":1,"featured_media":0,"parent":0,"menu_order":0,"comment_status":"closed","ping_status":"closed","template":"","meta":{"footnotes":""},"_links":{"self":[{"href":"https:\/\/cbsa-passaros.com.br\/newsite\/index.php?rest_route=\/wp\/v2\/pages\/67"}],"collection":[{"href":"https:\/\/cbsa-passaros.com.br\/newsite\/index.php?rest_route=\/wp\/v2\/pages"}],"about":[{"href":"https:\/\/cbsa-passaros.com.br\/newsite\/index.php?rest_route=\/wp\/v2\/types\/page"}],"author":[{"embeddable":true,"href":"https:\/\/cbsa-passaros.com.br\/newsite\/index.php?rest_route=\/wp\/v2\/users\/1"}],"replies":[{"embeddable":true,"href":"https:\/\/cbsa-passaros.com.br\/newsite\/index.php?rest_route=%2Fwp%2Fv2%2Fcomments&post=67"}],"version-history":[{"count":3,"href":"https:\/\/cbsa-passaros.com.br\/newsite\/index.php?rest_route=\/wp\/v2\/pages\/67\/revisions"}],"predecessor-version":[{"id":147,"href":"https:\/\/cbsa-passaros.com.br\/newsite\/index.php?rest_route=\/wp\/v2\/pages\/67\/revisions\/147"}],"wp:attachment":[{"href":"https:\/\/cbsa-passaros.com.br\/newsite\/index.php?rest_route=%2Fwp%2Fv2%2Fmedia&parent=67"}],"curies":[{"name":"wp","href":"https:\/\/api.w.org\/{rel}","templated":true}]}}