{"id":7178,"date":"2020-06-16T14:32:38","date_gmt":"2020-06-16T17:32:38","guid":{"rendered":"http:\/\/cbsa-passaros.com.br\/newsite\/?page_id=7178"},"modified":"2024-06-10T09:54:53","modified_gmt":"2024-06-10T12:54:53","slug":"homepage","status":"publish","type":"page","link":"https:\/\/cbsa-passaros.com.br\/newsite\/","title":{"rendered":"HOMEPAGE"},"content":{"rendered":"<p>[vc_row][vc_column]<div class=\"dt-fancy-separator title-left h2-size\" style=\"width: 100%;\"><div class=\"dt-fancy-title\" style=\"color: #606060;\"><span class=\"separator-holder separator-left\"><\/span>EVENTOS E TORNEIOS<span class=\"separator-holder separator-right\"><\/span><\/div><\/div>[vc_empty_space height=&#8221;40px&#8221;]<div class=\"dt-shortcode with-isotope\"><div class=\"wf-container dt-blog-shortcode loading-effect-none iso-grid description-under-image content-align-left\" data-padding=\"25px\" data-cur-page=\"1\" data-posts-per-page=\"-1\" data-width=\"370px\" data-columns=\"3\">\n<div class=\"wf-cell\" data-post-id=\"7511\" data-date=\"2025-01-29T14:05:06-03:00\" data-name=\"CONVOCA\u00c7\u00c3O ASSEMBL\u00c9IA ORDIN\u00c1RIA\">\n\t<article class=\"post no-img post-7511 type-post status-publish format-standard hentry category-eventos-e-torneios category-noticias category-5 category-1 description-off\">\n\n\t\t\n\t\t<div class=\"blog-content wf-td\">\n\t\t\t<h3 class=\"entry-title\"><a href=\"https:\/\/cbsa-passaros.com.br\/newsite\/?p=7511\" title=\"CONVOCA\u00c7\u00c3O ASSEMBL\u00c9IA ORDIN\u00c1RIA\" rel=\"bookmark\">CONVOCA\u00c7\u00c3O ASSEMBL\u00c9IA ORDIN\u00c1RIA<\/a><\/h3>\n\n\t\t\t\n\t\t<\/div>\n\n\t<\/article>\n\n<\/div>\n<div class=\"wf-cell\" data-post-id=\"7487\" data-date=\"2024-08-05T13:29:04-03:00\" data-name=\"CLASSIFICA\u00c7\u00c3O TORNEIOS 2024\">\n\t<article class=\"post no-img post-7487 type-post status-publish format-standard hentry category-eventos-e-torneios category-5 description-off\">\n\n\t\t\n\t\t<div class=\"blog-content wf-td\">\n\t\t\t<h3 class=\"entry-title\"><a href=\"https:\/\/cbsa-passaros.com.br\/newsite\/?p=7487\" title=\"CLASSIFICA\u00c7\u00c3O TORNEIOS 2024\" rel=\"bookmark\">CLASSIFICA\u00c7\u00c3O TORNEIOS 2024<\/a><\/h3>\n\n\t\t\t<p>CLIQUE NA CATEGORIA ABAIXO: AZUL\u00c3O BICUDO CAN\u00c1RIO COLEIRO COLEIRO PARDO CURI\u00d3 TIZIU TRINCA-FERRO &nbsp;<\/p>\n\n\t\t<\/div>\n\n\t<\/article>\n\n<\/div>\n<div class=\"wf-cell\" data-post-id=\"7481\" data-date=\"2024-08-05T13:09:41-03:00\" data-name=\"CALEND\u00c1RIO 2024\">\n\t<article class=\"post post-7481 type-post status-publish format-standard has-post-thumbnail hentry category-eventos-e-torneios category-5 description-off\">\n\n\t\t\n\t\t\t<div class=\"blog-media wf-td\">\n\n\t\t\t\t<p><a href=\"https:\/\/cbsa-passaros.com.br\/newsite\/?p=7481\" class=\"alignnone rollover layzr-bg\" ><img class=\"preload-me iso-lazy-load aspect\" src=\"data:image\/svg+xml,%3Csvg%20xmlns%3D&#39;http%3A%2F%2Fwww.w3.org%2F2000%2Fsvg&#39;%20viewBox%3D&#39;0%200%20555%20312&#39;%2F%3E\" data-src=\"https:\/\/cbsa-passaros.com.br\/newsite\/wp-content\/uploads\/2024\/08\/CALENDARIO-CBSA-ATUALIZADO-555x312.png\" data-srcset=\"https:\/\/cbsa-passaros.com.br\/newsite\/wp-content\/uploads\/2024\/08\/CALENDARIO-CBSA-ATUALIZADO-555x312.png 555w, https:\/\/cbsa-passaros.com.br\/newsite\/wp-content\/uploads\/2024\/08\/CALENDARIO-CBSA-ATUALIZADO-1110x624.png 1110w\" loading=\"eager\" style=\"--ratio: 555 \/ 312\" sizes=\"(max-width: 555px) 100vw, 555px\" alt=\"\" title=\"CALEND\u00c1RIO-CBSA-ATUALIZADO\" width=\"555\" height=\"312\" \/><\/a><\/p>\n\t\t\t<\/div>\n\n\t\t\n\t\t<div class=\"blog-content wf-td\">\n\t\t\t<h3 class=\"entry-title\"><a href=\"https:\/\/cbsa-passaros.com.br\/newsite\/?p=7481\" title=\"CALEND\u00c1RIO 2024\" rel=\"bookmark\">CALEND\u00c1RIO 2024<\/a><\/h3>\n\n\t\t\t<p>Confira as datas dos Torneios 2024. Boa sorte a todos!<\/p>\n\n\t\t<\/div>\n\n\t<\/article>\n\n<\/div><\/div><\/div>[vc_empty_space height=&#8221;40px&#8221;][\/vc_column][\/vc_row][vc_row type=&#8221;1&#8243;][vc_column][vc_empty_space height=&#8221;40px&#8221;][vc_row_inner][vc_column_inner width=&#8221;1\/3&#8243;]<div class=\"dt-fancy-separator title-left h3-size\" style=\"width: 100%;\"><div class=\"dt-fancy-title\" style=\"color: #ffffff;\"><span class=\"separator-holder separator-left\"><\/span>NOT\u00cdCIAS<span class=\"separator-holder separator-right\"><\/span><\/div><\/div>[vc_empty_space height=&#8221;30px&#8221;]<section class=\"items-grid wf-container\"><div class=\"wf-cell wf-1\"><article class=\"post-format-standard\"><div class=\"post-content\"><a href=\"https:\/\/cbsa-passaros.com.br\/newsite\/?p=7511\">CONVOCA\u00c7\u00c3O ASSEMBL\u00c9IA ORDIN\u00c1RIA<\/a><br \/><time class=\"text-secondary\" datetime=\"2025-01-29T14:05:06-03:00\">29 de janeiro de 2025<\/time><\/div><\/article><\/div><div class=\"wf-cell wf-1\"><article class=\"post-format-standard\"><div class=\"post-content\"><a href=\"https:\/\/cbsa-passaros.com.br\/newsite\/?p=7470\">SELO VERDE &#8211; BIOSEGURIDADE<\/a><br \/><time class=\"text-secondary\" datetime=\"2024-07-11T16:08:25-03:00\">11 de julho de 2024<\/time><\/div><\/article><\/div><div class=\"wf-cell wf-1\"><article class=\"post-format-standard\"><div class=\"post-content\"><a href=\"https:\/\/cbsa-passaros.com.br\/newsite\/?p=7459\">CONVOCA\u00c7\u00c3O EXTRAORDIN\u00c1RIA | 23\/06 &#8211; 09H<\/a><br \/><time class=\"text-secondary\" datetime=\"2024-06-19T14:12:34-03:00\">19 de junho de 2024<\/time><\/div><\/article><\/div><div class=\"wf-cell wf-1\"><article class=\"post-format-standard\"><div class=\"post-content\"><a href=\"https:\/\/cbsa-passaros.com.br\/newsite\/?p=7450\">NOTA DE PESAR &#8211; LUTO<\/a><br \/><time class=\"text-secondary\" datetime=\"2024-06-17T09:53:00-03:00\">17 de junho de 2024<\/time><\/div><\/article><\/div><\/section>[\/vc_column_inner][vc_column_inner width=&#8221;1\/3&#8243;]<div class=\"dt-fancy-separator title-left h3-size\" style=\"width: 100%;\"><div class=\"dt-fancy-title\" style=\"color: #ffffff;\"><span class=\"separator-holder separator-left\"><\/span>DICAS<span class=\"separator-holder separator-right\"><\/span><\/div><\/div>[vc_empty_space height=&#8221;30px&#8221;]<section class=\"items-grid wf-container\"><div class=\"wf-cell wf-1\"><article class=\"post-format-standard\"><div class=\"post-content\"><a href=\"https:\/\/cbsa-passaros.com.br\/newsite\/?p=83\">Entrevista exclusiva traz dicas para cria\u00e7\u00e3o de aves<\/a><br \/><time class=\"text-secondary\" datetime=\"2011-02-22T22:57:29-03:00\">22 de fevereiro de 2011<\/time><\/div><\/article><\/div><div class=\"wf-cell wf-1\"><article class=\"post-format-standard\"><div class=\"post-content\"><a href=\"https:\/\/cbsa-passaros.com.br\/newsite\/?p=79\">Cria\u00e7\u00e3o de Aves; Hobby lucrativo para o s\u00edtio<\/a><br \/><time class=\"text-secondary\" datetime=\"2011-02-22T22:55:39-03:00\">22 de fevereiro de 2011<\/time><\/div><\/article><\/div><div class=\"wf-cell wf-1\"><article class=\"post-format-standard\"><div class=\"post-content\"><a href=\"https:\/\/cbsa-passaros.com.br\/newsite\/?p=35\">Duvidas \u00e0 respeito da cria\u00e7\u00e3o de p\u00e1ssaros<\/a><br \/><time class=\"text-secondary\" datetime=\"2011-02-22T22:09:24-03:00\">22 de fevereiro de 2011<\/time><\/div><\/article><\/div><div class=\"wf-cell wf-1\"><article class=\"post-format-standard\"><div class=\"post-content\"><a href=\"https:\/\/cbsa-passaros.com.br\/newsite\/?p=27\">Alimenta\u00e7\u00e3o de Curi\u00f3s<\/a><br \/><time class=\"text-secondary\" datetime=\"2011-02-22T21:53:13-03:00\">22 de fevereiro de 2011<\/time><\/div><\/article><\/div><\/section>[\/vc_column_inner][vc_column_inner width=&#8221;1\/3&#8243;]<div class=\"dt-fancy-separator title-left h3-size\" style=\"width: 100%;\"><div class=\"dt-fancy-title\" style=\"color: #ffffff;\"><span class=\"separator-holder separator-left\"><\/span>CURIOSIDADES<span class=\"separator-holder separator-right\"><\/span><\/div><\/div>[vc_empty_space height=&#8221;30px&#8221;]<section class=\"items-grid wf-container\"><div class=\"wf-cell wf-1\"><article class=\"post-format-standard\"><div class=\"post-content\"><a href=\"https:\/\/cbsa-passaros.com.br\/newsite\/?p=20\">Cria\u00e7\u00e3o de Curi\u00f3s e Bicudos &#8211; Volume 2<\/a><br \/><time class=\"text-secondary\" datetime=\"2011-03-01T21:45:47-03:00\">1 de mar\u00e7o de 2011<\/time><\/div><\/article><\/div><div class=\"wf-cell wf-1\"><article class=\"post-format-standard\"><div class=\"post-content\"><a href=\"https:\/\/cbsa-passaros.com.br\/newsite\/?p=16\">Pioneirismo<\/a><br \/><time class=\"text-secondary\" datetime=\"2011-02-22T21:40:24-03:00\">22 de fevereiro de 2011<\/time><\/div><\/article><\/div><\/section>[\/vc_column_inner][\/vc_row_inner][vc_empty_space height=&#8221;40px&#8221;][\/vc_column][\/vc_row][vc_row][vc_column][vc_empty_space height=&#8221;40px&#8221;]<div class=\"dt-fancy-separator title-left h2-size\" style=\"width: 100%;\"><div class=\"dt-fancy-title\" style=\"color: #606060;\"><span class=\"separator-holder separator-left\"><\/span>GALERIAS DE FOTOS<span class=\"separator-holder separator-right\"><\/span><\/div><\/div>[vc_empty_space height=&#8221;40px&#8221;]<div class=\"dt-shortcode with-isotope\"><div class=\"wf-container dt-blog-shortcode loading-effect-none iso-grid description-under-image content-align-left\" data-padding=\"25px\" data-cur-page=\"1\" data-posts-per-page=\"-1\" data-width=\"270px\" data-columns=\"4\">\n<div class=\"wf-cell\" data-post-id=\"7318\" data-date=\"2021-09-01T11:18:57-03:00\" data-name=\"ASSEMBL\u00c9IA GERAL - 25\/SET\/2021\">\n\t<article class=\"post no-img post-7318 type-post status-publish format-standard hentry category-galerias-de-fotos category-noticias category-6 category-1 description-off\">\n\n\t\t\n\t\t<div class=\"blog-content wf-td\">\n\t\t\t<h3 class=\"entry-title\"><a href=\"https:\/\/cbsa-passaros.com.br\/newsite\/?p=7318\" title=\"ASSEMBL\u00c9IA GERAL &#8211; 25\/SET\/2021\" rel=\"bookmark\">ASSEMBL\u00c9IA GERAL &#8211; 25\/SET\/2021<\/a><\/h3>\n\n\t\t\t\n\t\t<\/div>\n\n\t<\/article>\n\n<\/div>\n<div class=\"wf-cell\" data-post-id=\"7229\" data-date=\"2020-06-21T14:56:12-03:00\" data-name=\"ESCOLA DE ALFABETIZA\u00c7\u00c3O\">\n\t<article class=\"post post-7229 type-post status-publish format-standard has-post-thumbnail hentry category-espaco-do-associado category-galerias-de-fotos category-noticias category-9 category-6 category-1 description-off\">\n\n\t\t\n\t\t\t<div class=\"blog-media wf-td\">\n\n\t\t\t\t<p><a href=\"https:\/\/cbsa-passaros.com.br\/newsite\/?p=7229\" class=\"alignnone rollover layzr-bg\" ><img class=\"preload-me iso-lazy-load aspect\" src=\"data:image\/svg+xml,%3Csvg%20xmlns%3D&#39;http%3A%2F%2Fwww.w3.org%2F2000%2Fsvg&#39;%20viewBox%3D&#39;0%200%20405%20227&#39;%2F%3E\" data-src=\"https:\/\/cbsa-passaros.com.br\/newsite\/wp-content\/uploads\/2020\/06\/FAIXA-ESCOLINHA-2-405x227.jpg\" data-srcset=\"https:\/\/cbsa-passaros.com.br\/newsite\/wp-content\/uploads\/2020\/06\/FAIXA-ESCOLINHA-2-405x227.jpg 405w, https:\/\/cbsa-passaros.com.br\/newsite\/wp-content\/uploads\/2020\/06\/FAIXA-ESCOLINHA-2-810x454.jpg 810w\" loading=\"eager\" style=\"--ratio: 405 \/ 227\" sizes=\"(max-width: 405px) 100vw, 405px\" alt=\"\" title=\"FAIXA-ESCOLINHA\" width=\"405\" height=\"227\" \/><\/a><\/p>\n\t\t\t<\/div>\n\n\t\t\n\t\t<div class=\"blog-content wf-td\">\n\t\t\t<h3 class=\"entry-title\"><a href=\"https:\/\/cbsa-passaros.com.br\/newsite\/?p=7229\" title=\"ESCOLA DE ALFABETIZA\u00c7\u00c3O\" rel=\"bookmark\">ESCOLA DE ALFABETIZA\u00c7\u00c3O<\/a><\/h3>\n\n\t\t\t\n\t\t<\/div>\n\n\t<\/article>\n\n<\/div>\n<div class=\"wf-cell\" data-post-id=\"6612\" data-date=\"2019-07-25T16:52:34-03:00\" data-name=\"FESTA 50 ANOS CBSA\">\n\t<article class=\"post post-6612 type-post status-publish format-standard has-post-thumbnail hentry category-galerias-de-fotos category-6 description-off\">\n\n\t\t\n\t\t\t<div class=\"blog-media wf-td\">\n\n\t\t\t\t<p><a href=\"https:\/\/cbsa-passaros.com.br\/newsite\/?p=6612\" class=\"alignnone rollover layzr-bg\" ><img class=\"preload-me iso-lazy-load aspect\" src=\"data:image\/svg+xml,%3Csvg%20xmlns%3D&#39;http%3A%2F%2Fwww.w3.org%2F2000%2Fsvg&#39;%20viewBox%3D&#39;0%200%20405%20227&#39;%2F%3E\" data-src=\"https:\/\/cbsa-passaros.com.br\/newsite\/wp-content\/uploads\/2019\/07\/15639402675391-405x227.jpg\" data-srcset=\"https:\/\/cbsa-passaros.com.br\/newsite\/wp-content\/uploads\/2019\/07\/15639402675391-405x227.jpg 405w, https:\/\/cbsa-passaros.com.br\/newsite\/wp-content\/uploads\/2019\/07\/15639402675391-810x454.jpg 810w\" loading=\"eager\" style=\"--ratio: 405 \/ 227\" sizes=\"(max-width: 405px) 100vw, 405px\" alt=\"\" title=\"1563940267539\" width=\"405\" height=\"227\" \/><\/a><\/p>\n\t\t\t<\/div>\n\n\t\t\n\t\t<div class=\"blog-content wf-td\">\n\t\t\t<h3 class=\"entry-title\"><a href=\"https:\/\/cbsa-passaros.com.br\/newsite\/?p=6612\" title=\"FESTA 50 ANOS CBSA\" rel=\"bookmark\">FESTA 50 ANOS CBSA<\/a><\/h3>\n\n\t\t\t\n\t\t<\/div>\n\n\t<\/article>\n\n<\/div>\n<div class=\"wf-cell\" data-post-id=\"6572\" data-date=\"2019-05-27T15:57:22-03:00\" data-name=\"Sinuca\">\n\t<article class=\"post post-6572 type-post status-publish format-standard has-post-thumbnail hentry category-galerias-de-fotos category-6 description-off\">\n\n\t\t\n\t\t\t<div class=\"blog-media wf-td\">\n\n\t\t\t\t<p><a href=\"https:\/\/cbsa-passaros.com.br\/newsite\/?p=6572\" class=\"alignnone rollover layzr-bg\" ><img class=\"preload-me iso-lazy-load aspect\" src=\"data:image\/svg+xml,%3Csvg%20xmlns%3D&#39;http%3A%2F%2Fwww.w3.org%2F2000%2Fsvg&#39;%20viewBox%3D&#39;0%200%20405%20227&#39;%2F%3E\" data-src=\"https:\/\/cbsa-passaros.com.br\/newsite\/wp-content\/uploads\/2019\/05\/sinuca-25-05-2019-405x227.jpg\" data-srcset=\"https:\/\/cbsa-passaros.com.br\/newsite\/wp-content\/uploads\/2019\/05\/sinuca-25-05-2019-405x227.jpg 405w, https:\/\/cbsa-passaros.com.br\/newsite\/wp-content\/uploads\/2019\/05\/sinuca-25-05-2019-810x454.jpg 810w\" loading=\"eager\" style=\"--ratio: 405 \/ 227\" sizes=\"(max-width: 405px) 100vw, 405px\" alt=\"1\u00ba evento de sinuca\" title=\"sinuca 25-05-2019\" width=\"405\" height=\"227\" \/><\/a><\/p>\n\t\t\t<\/div>\n\n\t\t\n\t\t<div class=\"blog-content wf-td\">\n\t\t\t<h3 class=\"entry-title\"><a href=\"https:\/\/cbsa-passaros.com.br\/newsite\/?p=6572\" title=\"Sinuca\" rel=\"bookmark\">Sinuca<\/a><\/h3>\n\n\t\t\t\n\t\t<\/div>\n\n\t<\/article>\n\n<\/div>\n<div class=\"wf-cell\" data-post-id=\"369\" data-date=\"2015-06-23T11:35:11-03:00\" data-name=\"Reuni\u00e3o na Secretaria da Agricultura !!!\">\n\t<article class=\"post post-369 type-post status-publish format-standard has-post-thumbnail hentry category-eventos-e-torneios category-galerias-de-fotos category-noticias category-5 category-6 category-1 description-off\">\n\n\t\t\n\t\t\t<div class=\"blog-media wf-td\">\n\n\t\t\t\t<p><a href=\"https:\/\/cbsa-passaros.com.br\/newsite\/?p=369\" class=\"alignnone rollover layzr-bg\" ><img class=\"preload-me iso-lazy-load aspect\" src=\"data:image\/svg+xml,%3Csvg%20xmlns%3D&#39;http%3A%2F%2Fwww.w3.org%2F2000%2Fsvg&#39;%20viewBox%3D&#39;0%200%20405%20227&#39;%2F%3E\" data-src=\"https:\/\/cbsa-passaros.com.br\/newsite\/wp-content\/uploads\/2011\/03\/DSC_5838-405x227.jpg\" data-srcset=\"https:\/\/cbsa-passaros.com.br\/newsite\/wp-content\/uploads\/2011\/03\/DSC_5838-405x227.jpg 405w, https:\/\/cbsa-passaros.com.br\/newsite\/wp-content\/uploads\/2011\/03\/DSC_5838-480x269.jpg 480w\" loading=\"eager\" style=\"--ratio: 405 \/ 227\" sizes=\"(max-width: 405px) 100vw, 405px\" alt=\"\" title=\"DSC_5838\" width=\"405\" height=\"227\" \/><\/a><\/p>\n\t\t\t<\/div>\n\n\t\t\n\t\t<div class=\"blog-content wf-td\">\n\t\t\t<h3 class=\"entry-title\"><a href=\"https:\/\/cbsa-passaros.com.br\/newsite\/?p=369\" title=\"Reuni\u00e3o na Secretaria da Agricultura !!!\" rel=\"bookmark\">Reuni\u00e3o na Secretaria da Agricultura !!!<\/a><\/h3>\n\n\t\t\t\n\t\t<\/div>\n\n\t<\/article>\n\n<\/div>\n<div class=\"wf-cell\" data-post-id=\"2291\" data-date=\"2013-05-26T11:38:18-03:00\" data-name=\"Fotos da Festa - Abril 2013\">\n\t<article class=\"post post-2291 type-post status-publish format-standard has-post-thumbnail hentry category-galerias-de-fotos category-6 description-off\">\n\n\t\t\n\t\t\t<div class=\"blog-media wf-td\">\n\n\t\t\t\t<p><a href=\"https:\/\/cbsa-passaros.com.br\/newsite\/?p=2291\" class=\"alignnone rollover layzr-bg\" ><img class=\"preload-me iso-lazy-load aspect\" src=\"data:image\/svg+xml,%3Csvg%20xmlns%3D&#39;http%3A%2F%2Fwww.w3.org%2F2000%2Fsvg&#39;%20viewBox%3D&#39;0%200%20405%20227&#39;%2F%3E\" data-src=\"https:\/\/cbsa-passaros.com.br\/newsite\/wp-content\/uploads\/2013\/05\/IMG_82672-405x227.jpg\" data-srcset=\"https:\/\/cbsa-passaros.com.br\/newsite\/wp-content\/uploads\/2013\/05\/IMG_82672-405x227.jpg 405w, https:\/\/cbsa-passaros.com.br\/newsite\/wp-content\/uploads\/2013\/05\/IMG_82672-800x448.jpg 800w\" loading=\"eager\" style=\"--ratio: 405 \/ 227\" sizes=\"(max-width: 405px) 100vw, 405px\" alt=\"\" title=\"IMG_8267\" width=\"405\" height=\"227\" \/><\/a><\/p>\n\t\t\t<\/div>\n\n\t\t\n\t\t<div class=\"blog-content wf-td\">\n\t\t\t<h3 class=\"entry-title\"><a href=\"https:\/\/cbsa-passaros.com.br\/newsite\/?p=2291\" title=\"Fotos da Festa &#8211; Abril 2013\" rel=\"bookmark\">Fotos da Festa &#8211; Abril 2013<\/a><\/h3>\n\n\t\t\t\n\t\t<\/div>\n\n\t<\/article>\n\n<\/div>\n<div class=\"wf-cell\" data-post-id=\"1148\" data-date=\"2012-03-27T15:59:59-03:00\" data-name=\"Fotos da Festa - Do dia 03\/03\/2012\">\n\t<article class=\"post post-1148 type-post status-publish format-standard has-post-thumbnail hentry category-galerias-de-fotos category-6 description-off\">\n\n\t\t\n\t\t\t<div class=\"blog-media wf-td\">\n\n\t\t\t\t<p><a href=\"https:\/\/cbsa-passaros.com.br\/newsite\/?p=1148\" class=\"alignnone rollover layzr-bg\" ><img class=\"preload-me iso-lazy-load aspect\" src=\"data:image\/svg+xml,%3Csvg%20xmlns%3D&#39;http%3A%2F%2Fwww.w3.org%2F2000%2Fsvg&#39;%20viewBox%3D&#39;0%200%20405%20227&#39;%2F%3E\" data-src=\"https:\/\/cbsa-passaros.com.br\/newsite\/wp-content\/uploads\/2012\/03\/DSC003101-405x227.jpg\" data-srcset=\"https:\/\/cbsa-passaros.com.br\/newsite\/wp-content\/uploads\/2012\/03\/DSC003101-405x227.jpg 405w, https:\/\/cbsa-passaros.com.br\/newsite\/wp-content\/uploads\/2012\/03\/DSC003101-800x448.jpg 800w\" loading=\"eager\" style=\"--ratio: 405 \/ 227\" sizes=\"(max-width: 405px) 100vw, 405px\" alt=\"\" title=\"DSC00310\" width=\"405\" height=\"227\" \/><\/a><\/p>\n\t\t\t<\/div>\n\n\t\t\n\t\t<div class=\"blog-content wf-td\">\n\t\t\t<h3 class=\"entry-title\"><a href=\"https:\/\/cbsa-passaros.com.br\/newsite\/?p=1148\" title=\"Fotos da Festa &#8211; Do dia 03\/03\/2012\" rel=\"bookmark\">Fotos da Festa &#8211; Do dia 03\/03\/2012<\/a><\/h3>\n\n\t\t\t\n\t\t<\/div>\n\n\t<\/article>\n\n<\/div>\n<div class=\"wf-cell\" data-post-id=\"670\" data-date=\"2011-09-02T09:11:18-03:00\" data-name=\"FOTOS TORNEIO DIA 28\/08\/2011\">\n\t<article class=\"post post-670 type-post status-publish format-standard has-post-thumbnail hentry category-galerias-de-fotos category-6 description-off\">\n\n\t\t\n\t\t\t<div class=\"blog-media wf-td\">\n\n\t\t\t\t<p><a href=\"https:\/\/cbsa-passaros.com.br\/newsite\/?p=670\" class=\"alignnone rollover layzr-bg\" ><img class=\"preload-me iso-lazy-load aspect\" src=\"data:image\/svg+xml,%3Csvg%20xmlns%3D&#39;http%3A%2F%2Fwww.w3.org%2F2000%2Fsvg&#39;%20viewBox%3D&#39;0%200%20405%20227&#39;%2F%3E\" data-src=\"https:\/\/cbsa-passaros.com.br\/newsite\/wp-content\/uploads\/2011\/09\/DSC01874-405x227.jpg\" data-srcset=\"https:\/\/cbsa-passaros.com.br\/newsite\/wp-content\/uploads\/2011\/09\/DSC01874-405x227.jpg 405w, https:\/\/cbsa-passaros.com.br\/newsite\/wp-content\/uploads\/2011\/09\/DSC01874-768x430.jpg 768w\" loading=\"eager\" style=\"--ratio: 405 \/ 227\" sizes=\"(max-width: 405px) 100vw, 405px\" alt=\"\" title=\"DSC01874\" width=\"405\" height=\"227\" \/><\/a><\/p>\n\t\t\t<\/div>\n\n\t\t\n\t\t<div class=\"blog-content wf-td\">\n\t\t\t<h3 class=\"entry-title\"><a href=\"https:\/\/cbsa-passaros.com.br\/newsite\/?p=670\" title=\"FOTOS TORNEIO DIA 28\/08\/2011\" rel=\"bookmark\">FOTOS TORNEIO DIA 28\/08\/2011<\/a><\/h3>\n\n\t\t\t\n\t\t<\/div>\n\n\t<\/article>\n\n<\/div><\/div><\/div>[vc_empty_space height=&#8221;40px&#8221;][\/vc_column][\/vc_row][vc_row type=&#8221;2&#8243; margin_bottom=&#8221;-100px&#8221;][vc_column][vc_empty_space height=&#8221;40px&#8221;]<div class=\"dt-fancy-separator title-left h2-size\" style=\"width: 100%;\"><div class=\"dt-fancy-title\" style=\"color: #ffffff;\"><span class=\"separator-holder separator-left\" style=\"border-color: #ffffff;\"><\/span>V\u00cdDEOS<span class=\"separator-holder separator-right\" style=\"border-color: #ffffff;\"><\/span><\/div><\/div>[vc_empty_space height=&#8221;40px&#8221;]<div class=\"dt-shortcode with-isotope\"><div class=\"wf-container dt-blog-shortcode loading-effect-none iso-grid description-under-image content-align-left\" data-padding=\"25px\" data-cur-page=\"1\" data-posts-per-page=\"-1\" data-width=\"370px\" data-columns=\"3\">\n<div class=\"wf-cell\" data-post-id=\"7256\" data-date=\"2020-07-24T11:42:19-03:00\" data-name=\"VITORIA DO GTA - FEBRAPS\/COBRAP\">\n\t<article class=\"post post-7256 type-post status-publish format-standard has-post-thumbnail hentry category-eventos-e-torneios category-noticias category-videos category-5 category-1 category-3 description-off\">\n\n\t\t\n\t\t\t<div class=\"blog-media wf-td\">\n\n\t\t\t\t<p><a href=\"https:\/\/cbsa-passaros.com.br\/newsite\/?p=7256\" class=\"alignnone rollover layzr-bg\" ><img class=\"preload-me iso-lazy-load aspect\" src=\"data:image\/svg+xml,%3Csvg%20xmlns%3D&#39;http%3A%2F%2Fwww.w3.org%2F2000%2Fsvg&#39;%20viewBox%3D&#39;0%200%20555%20312&#39;%2F%3E\" data-src=\"https:\/\/cbsa-passaros.com.br\/newsite\/wp-content\/uploads\/2020\/07\/IMAGEM-DESTAQUE-1-555x312.jpg\" data-srcset=\"https:\/\/cbsa-passaros.com.br\/newsite\/wp-content\/uploads\/2020\/07\/IMAGEM-DESTAQUE-1-555x312.jpg 555w, https:\/\/cbsa-passaros.com.br\/newsite\/wp-content\/uploads\/2020\/07\/IMAGEM-DESTAQUE-1-1110x624.jpg 1110w\" loading=\"eager\" style=\"--ratio: 555 \/ 312\" sizes=\"(max-width: 555px) 100vw, 555px\" alt=\"\" title=\"IMAGEM-DESTAQUE\" width=\"555\" height=\"312\" \/><\/a><\/p>\n\t\t\t<\/div>\n\n\t\t\n\t\t<div class=\"blog-content wf-td\">\n\t\t\t<h3 class=\"entry-title\"><a href=\"https:\/\/cbsa-passaros.com.br\/newsite\/?p=7256\" title=\"VITORIA DO GTA &#8211; FEBRAPS\/COBRAP\" rel=\"bookmark\">VITORIA DO GTA &#8211; FEBRAPS\/COBRAP<\/a><\/h3>\n\n\t\t\t\n\t\t<\/div>\n\n\t<\/article>\n\n<\/div>\n<div class=\"wf-cell\" data-post-id=\"7240\" data-date=\"2020-06-21T15:13:50-03:00\" data-name=\"1\u00aa CHAMADA FEBRAPS\">\n\t<article class=\"post post-7240 type-post status-publish format-standard has-post-thumbnail hentry category-eventos-e-torneios category-noticias category-videos category-5 category-1 category-3 description-off\">\n\n\t\t\n\t\t\t<div class=\"blog-media wf-td\">\n\n\t\t\t\t<p><a href=\"https:\/\/cbsa-passaros.com.br\/newsite\/?p=7240\" class=\"alignnone rollover layzr-bg\" ><img class=\"preload-me iso-lazy-load aspect\" src=\"data:image\/svg+xml,%3Csvg%20xmlns%3D&#39;http%3A%2F%2Fwww.w3.org%2F2000%2Fsvg&#39;%20viewBox%3D&#39;0%200%20555%20312&#39;%2F%3E\" data-src=\"https:\/\/cbsa-passaros.com.br\/newsite\/wp-content\/uploads\/2020\/06\/IMAGEM-DESTAQUE-CHAMADA-555x312.jpg\" data-srcset=\"https:\/\/cbsa-passaros.com.br\/newsite\/wp-content\/uploads\/2020\/06\/IMAGEM-DESTAQUE-CHAMADA-555x312.jpg 555w, https:\/\/cbsa-passaros.com.br\/newsite\/wp-content\/uploads\/2020\/06\/IMAGEM-DESTAQUE-CHAMADA-900x505.jpg 900w\" loading=\"eager\" style=\"--ratio: 555 \/ 312\" sizes=\"(max-width: 555px) 100vw, 555px\" alt=\"\" title=\"IMAGEM-DESTAQUE-CHAMADA\" width=\"555\" height=\"312\" \/><\/a><\/p>\n\t\t\t<\/div>\n\n\t\t\n\t\t<div class=\"blog-content wf-td\">\n\t\t\t<h3 class=\"entry-title\"><a href=\"https:\/\/cbsa-passaros.com.br\/newsite\/?p=7240\" title=\"1\u00aa CHAMADA FEBRAPS\" rel=\"bookmark\">1\u00aa CHAMADA FEBRAPS<\/a><\/h3>\n\n\t\t\t\n\t\t<\/div>\n\n\t<\/article>\n\n<\/div>\n<div class=\"wf-cell\" data-post-id=\"300\" data-date=\"2011-03-17T13:47:52-03:00\" data-name=\"Alo\u00edsio, criador de Bicudos\">\n\t<article class=\"post no-img post-300 type-post status-publish format-standard hentry category-videos category-3 description-off\">\n\n\t\t\n\t\t<div class=\"blog-content wf-td\">\n\t\t\t<h3 class=\"entry-title\"><a href=\"https:\/\/cbsa-passaros.com.br\/newsite\/?p=300\" title=\"Alo\u00edsio, criador de Bicudos\" rel=\"bookmark\">Alo\u00edsio, criador de Bicudos<\/a><\/h3>\n\n\t\t\t<p><iframe loading=\"lazy\" title=\"YouTube video player\" width=\"360\" height=\"250\" src=\"http:\/\/www.youtube.com\/embed\/nCX92quH4p4\" frameborder=\"0\" allowfullscreen><\/iframe><\/p>\n\n\t\t<\/div>\n\n\t<\/article>\n\n<\/div><\/div><\/div>[vc_empty_space height=&#8221;120px&#8221;][\/vc_column][\/vc_row]<\/p>\n","protected":false},"excerpt":{"rendered":"<p>[vc_row][vc_column][vc_empty_space height=&#8221;40px&#8221;][vc_empty_space height=&#8221;40px&#8221;][\/vc_column][\/vc_row][vc_row type=&#8221;1&#8243;][vc_column][vc_empty_space height=&#8221;40px&#8221;][vc_row_inner][vc_column_inner width=&#8221;1\/3&#8243;][vc_empty_space height=&#8221;30px&#8221;][\/vc_column_inner][vc_column_inner width=&#8221;1\/3&#8243;][vc_empty_space height=&#8221;30px&#8221;][\/vc_column_inner][vc_column_inner width=&#8221;1\/3&#8243;][vc_empty_space height=&#8221;30px&#8221;][\/vc_column_inner][\/vc_row_inner][vc_empty_space height=&#8221;40px&#8221;][\/vc_column][\/vc_row][vc_row][vc_column][vc_empty_space height=&#8221;40px&#8221;][vc_empty_space height=&#8221;40px&#8221;][vc_empty_space height=&#8221;40px&#8221;][\/vc_column][\/vc_row][vc_row type=&#8221;2&#8243; margin_bottom=&#8221;-100px&#8221;][vc_column][vc_empty_space height=&#8221;40px&#8221;][vc_empty_space height=&#8221;40px&#8221;][vc_empty_space height=&#8221;120px&#8221;][\/vc_column][\/vc_row]<\/p>\n","protected":false},"author":1,"featured_media":0,"parent":0,"menu_order":0,"comment_status":"closed","ping_status":"closed","template":"template-microsite.php","meta":{"footnotes":""},"_links":{"self":[{"href":"https:\/\/cbsa-passaros.com.br\/newsite\/index.php?rest_route=\/wp\/v2\/pages\/7178"}],"collection":[{"href":"https:\/\/cbsa-passaros.com.br\/newsite\/index.php?rest_route=\/wp\/v2\/pages"}],"about":[{"href":"https:\/\/cbsa-passaros.com.br\/newsite\/index.php?rest_route=\/wp\/v2\/types\/page"}],"author":[{"embeddable":true,"href":"https:\/\/cbsa-passaros.com.br\/newsite\/index.php?rest_route=\/wp\/v2\/users\/1"}],"replies":[{"embeddable":true,"href":"https:\/\/cbsa-passaros.com.br\/newsite\/index.php?rest_route=%2Fwp%2Fv2%2Fcomments&post=7178"}],"version-history":[{"count":15,"href":"https:\/\/cbsa-passaros.com.br\/newsite\/index.php?rest_route=\/wp\/v2\/pages\/7178\/revisions"}],"predecessor-version":[{"id":7206,"href":"https:\/\/cbsa-passaros.com.br\/newsite\/index.php?rest_route=\/wp\/v2\/pages\/7178\/revisions\/7206"}],"wp:attachment":[{"href":"https:\/\/cbsa-passaros.com.br\/newsite\/index.php?rest_route=%2Fwp%2Fv2%2Fmedia&parent=7178"}],"curies":[{"name":"wp","href":"https:\/\/api.w.org\/{rel}","templated":true}]}}